{"id":10688,"date":"2025-05-30T13:06:46","date_gmt":"2025-05-30T16:06:46","guid":{"rendered":"https:\/\/cataloguegroup.com.ar\/?page_id=10688"},"modified":"2025-06-04T16:38:41","modified_gmt":"2025-06-04T19:38:41","slug":"coming-soon","status":"publish","type":"page","link":"https:\/\/cataloguegroup.com.ar\/","title":{"rendered":"Coming Soon"},"content":{"rendered":"\t\t<div data-elementor-type=\"wp-page\" data-elementor-id=\"10688\" class=\"elementor elementor-10688\">\n\t\t\t\t<div class=\"elementor-element elementor-element-4748a01 elementor-hidden-mobile e-flex e-con-boxed e-con e-parent\" data-id=\"4748a01\" data-element_type=\"container\" data-e-type=\"container\" data-settings=\"{&quot;background_background&quot;:&quot;classic&quot;}\">\n\t\t\t\t\t<div class=\"e-con-inner\">\n\t\t<div class=\"elementor-element elementor-element-48930fc e-con-full e-flex e-con e-child\" data-id=\"48930fc\" data-element_type=\"container\" data-e-type=\"container\">\n\t\t\t\t<\/div>\n\t\t<div class=\"elementor-element elementor-element-826f17c e-con-full e-flex e-con e-child\" data-id=\"826f17c\" data-element_type=\"container\" data-e-type=\"container\">\n\t\t\t\t<div class=\"elementor-element elementor-element-c232cbc elementor-widget elementor-widget-image\" data-id=\"c232cbc\" data-element_type=\"widget\" data-e-type=\"widget\" data-widget_type=\"image.default\">\n\t\t\t\t<div class=\"elementor-widget-container\">\n\t\t\t\t\t\t\t\t\t\t\t\t\t\t\t<img decoding=\"async\" width=\"210\" height=\"86\" data-src=\"https:\/\/cataloguegroup.com.ar\/wp-content\/uploads\/2025\/06\/logo-blanco.png\" class=\"attachment-full size-full wp-image-10732 lazyload\" alt=\"logo blanco\" src=\"data:image\/gif;base64,R0lGODlhAQABAAAAACH5BAEKAAEALAAAAAABAAEAAAICTAEAOw==\" style=\"--smush-placeholder-width: 210px; --smush-placeholder-aspect-ratio: 210\/86;\" \/>\t\t\t\t\t\t\t\t\t\t\t\t\t\t\t<\/div>\n\t\t\t\t<\/div>\n\t\t\t\t<div class=\"elementor-element elementor-element-37ea909 elementor-widget elementor-widget-heading\" data-id=\"37ea909\" data-element_type=\"widget\" data-e-type=\"widget\" data-widget_type=\"heading.default\">\n\t\t\t\t<div class=\"elementor-widget-container\">\n\t\t\t\t\t<h4 class=\"elementor-heading-title elementor-size-default\">Productos electr\u00f3nicos para tu hogar<\/h4>\t\t\t\t<\/div>\n\t\t\t\t<\/div>\n\t\t\t\t<div class=\"elementor-element elementor-element-b1ecb03 elementor-widget elementor-widget-heading\" data-id=\"b1ecb03\" data-element_type=\"widget\" data-e-type=\"widget\" data-widget_type=\"heading.default\">\n\t\t\t\t<div class=\"elementor-widget-container\">\n\t\t\t\t\t<h2 class=\"elementor-heading-title elementor-size-default\">Tecnolog\u00eda para tu d\u00eda a d\u00eda, al mejor precio<\/h2>\t\t\t\t<\/div>\n\t\t\t\t<\/div>\n\t\t\t\t<div class=\"elementor-element elementor-element-108be44 elementor-widget elementor-widget-button\" data-id=\"108be44\" data-element_type=\"widget\" data-e-type=\"widget\" data-widget_type=\"button.default\">\n\t\t\t\t<div class=\"elementor-widget-container\">\n\t\t\t\t\t\t\t\t\t<div class=\"elementor-button-wrapper\">\n\t\t\t\t\t<a class=\"elementor-button elementor-button-link elementor-size-sm\" href=\"https:\/\/walink.co\/304d44\" target=\"_blank\">\n\t\t\t\t\t\t<span class=\"elementor-button-content-wrapper\">\n\t\t\t\t\t\t\t\t\t<span class=\"elementor-button-text\">Escribinos por WhatsApp<\/span>\n\t\t\t\t\t<\/span>\n\t\t\t\t\t<\/a>\n\t\t\t\t<\/div>\n\t\t\t\t\t\t\t\t<\/div>\n\t\t\t\t<\/div>\n\t\t\t\t<\/div>\n\t\t\t\t\t<\/div>\n\t\t\t\t<\/div>\n\t\t<div class=\"elementor-element elementor-element-5d27997 elementor-hidden-desktop elementor-hidden-tablet e-flex e-con-boxed e-con e-parent\" data-id=\"5d27997\" data-element_type=\"container\" data-e-type=\"container\" data-settings=\"{&quot;background_background&quot;:&quot;classic&quot;}\">\n\t\t\t\t\t<div class=\"e-con-inner\">\n\t\t<div class=\"elementor-element elementor-element-5426027 e-con-full e-flex e-con e-child\" data-id=\"5426027\" data-element_type=\"container\" data-e-type=\"container\">\n\t\t\t\t<div class=\"elementor-element elementor-element-4892625 elementor-widget elementor-widget-image\" data-id=\"4892625\" data-element_type=\"widget\" data-e-type=\"widget\" data-widget_type=\"image.default\">\n\t\t\t\t<div class=\"elementor-widget-container\">\n\t\t\t\t\t\t\t\t\t\t\t\t\t\t\t<img decoding=\"async\" width=\"210\" height=\"86\" data-src=\"https:\/\/cataloguegroup.com.ar\/wp-content\/uploads\/2025\/06\/logo-blanco.png\" class=\"attachment-full size-full wp-image-10732 lazyload\" alt=\"logo blanco\" src=\"data:image\/gif;base64,R0lGODlhAQABAAAAACH5BAEKAAEALAAAAAABAAEAAAICTAEAOw==\" style=\"--smush-placeholder-width: 210px; --smush-placeholder-aspect-ratio: 210\/86;\" \/>\t\t\t\t\t\t\t\t\t\t\t\t\t\t\t<\/div>\n\t\t\t\t<\/div>\n\t\t\t\t<div class=\"elementor-element elementor-element-bac2854 elementor-widget elementor-widget-heading\" data-id=\"bac2854\" data-element_type=\"widget\" data-e-type=\"widget\" data-widget_type=\"heading.default\">\n\t\t\t\t<div class=\"elementor-widget-container\">\n\t\t\t\t\t<h4 class=\"elementor-heading-title elementor-size-default\">Productos electr\u00f3nicos para tu hogar<\/h4>\t\t\t\t<\/div>\n\t\t\t\t<\/div>\n\t\t\t\t<div class=\"elementor-element elementor-element-2fd68fb elementor-widget elementor-widget-heading\" data-id=\"2fd68fb\" data-element_type=\"widget\" data-e-type=\"widget\" data-widget_type=\"heading.default\">\n\t\t\t\t<div class=\"elementor-widget-container\">\n\t\t\t\t\t<h2 class=\"elementor-heading-title elementor-size-default\">Tecnolog\u00eda para tu d\u00eda a d\u00eda, al mejor precio<\/h2>\t\t\t\t<\/div>\n\t\t\t\t<\/div>\n\t\t\t\t<div class=\"elementor-element elementor-element-d7ce368 elementor-align-center elementor-widget elementor-widget-button\" data-id=\"d7ce368\" data-element_type=\"widget\" data-e-type=\"widget\" data-widget_type=\"button.default\">\n\t\t\t\t<div class=\"elementor-widget-container\">\n\t\t\t\t\t\t\t\t\t<div class=\"elementor-button-wrapper\">\n\t\t\t\t\t<a class=\"elementor-button elementor-button-link elementor-size-sm\" href=\"https:\/\/walink.co\/304d44\" target=\"_blank\">\n\t\t\t\t\t\t<span class=\"elementor-button-content-wrapper\">\n\t\t\t\t\t\t\t\t\t<span class=\"elementor-button-text\">Escribinos por WhatsApp<\/span>\n\t\t\t\t\t<\/span>\n\t\t\t\t\t<\/a>\n\t\t\t\t<\/div>\n\t\t\t\t\t\t\t\t<\/div>\n\t\t\t\t<\/div>\n\t\t\t\t<\/div>\n\t\t\t\t\t<\/div>\n\t\t\t\t<\/div>\n\t\t<div class=\"elementor-element elementor-element-077162e e-flex e-con-boxed e-con e-parent\" data-id=\"077162e\" data-element_type=\"container\" data-e-type=\"container\">\n\t\t\t\t\t<div class=\"e-con-inner\">\n\t\t<div class=\"elementor-element elementor-element-dd5e619 e-con-full e-flex e-con e-child\" data-id=\"dd5e619\" data-element_type=\"container\" data-e-type=\"container\">\n\t\t<div class=\"elementor-element elementor-element-c3ca603 e-con-full e-flex e-con e-child\" data-id=\"c3ca603\" data-element_type=\"container\" data-e-type=\"container\">\n\t\t<div class=\"elementor-element elementor-element-1d7033d e-con-full e-flex e-con e-child\" data-id=\"1d7033d\" data-element_type=\"container\" data-e-type=\"container\">\n\t\t\t\t<div class=\"elementor-element elementor-element-addcf76 elementor-position-top elementor-widget elementor-widget-image-box\" data-id=\"addcf76\" data-element_type=\"widget\" data-e-type=\"widget\" data-widget_type=\"image-box.default\">\n\t\t\t\t<div class=\"elementor-widget-container\">\n\t\t\t\t\t<div class=\"elementor-image-box-wrapper\"><figure class=\"elementor-image-box-img\"><img decoding=\"async\" width=\"83\" height=\"60\" data-src=\"https:\/\/cataloguegroup.com.ar\/wp-content\/uploads\/2025\/06\/camion.png\" class=\"attachment-full size-full wp-image-10766 lazyload\" alt=\"Env\u00edo Gratis\" src=\"data:image\/gif;base64,R0lGODlhAQABAAAAACH5BAEKAAEALAAAAAABAAEAAAICTAEAOw==\" style=\"--smush-placeholder-width: 83px; --smush-placeholder-aspect-ratio: 83\/60;\" \/><\/figure><div class=\"elementor-image-box-content\"><h3 class=\"elementor-image-box-title\">Env\u00edo a todo el pa\u00eds<\/h3><p class=\"elementor-image-box-description\">En productos seleccionados<\/p><\/div><\/div>\t\t\t\t<\/div>\n\t\t\t\t<\/div>\n\t\t\t\t<\/div>\n\t\t<div class=\"elementor-element elementor-element-2990826 e-con-full e-flex e-con e-child\" data-id=\"2990826\" data-element_type=\"container\" data-e-type=\"container\">\n\t\t\t\t<div class=\"elementor-element elementor-element-a74b287 elementor-position-top elementor-widget elementor-widget-image-box\" data-id=\"a74b287\" data-element_type=\"widget\" data-e-type=\"widget\" data-widget_type=\"image-box.default\">\n\t\t\t\t<div class=\"elementor-widget-container\">\n\t\t\t\t\t<div class=\"elementor-image-box-wrapper\"><figure class=\"elementor-image-box-img\"><img decoding=\"async\" width=\"83\" height=\"60\" data-src=\"https:\/\/cataloguegroup.com.ar\/wp-content\/uploads\/2025\/06\/candado1.png\" class=\"attachment-full size-full wp-image-10906 lazyload\" alt=\"Pagos\" src=\"data:image\/gif;base64,R0lGODlhAQABAAAAACH5BAEKAAEALAAAAAABAAEAAAICTAEAOw==\" style=\"--smush-placeholder-width: 83px; --smush-placeholder-aspect-ratio: 83\/60;\" \/><\/figure><div class=\"elementor-image-box-content\"><h3 class=\"elementor-image-box-title\">Facilidad de pagos<\/h3><p class=\"elementor-image-box-description\">M\u00faltiples opciones<\/p><\/div><\/div>\t\t\t\t<\/div>\n\t\t\t\t<\/div>\n\t\t\t\t<\/div>\n\t\t\t\t<\/div>\n\t\t<div class=\"elementor-element elementor-element-77be8b8 e-con-full e-flex e-con e-child\" data-id=\"77be8b8\" data-element_type=\"container\" data-e-type=\"container\">\n\t\t<div class=\"elementor-element elementor-element-0c05f6d e-con-full e-flex e-con e-child\" data-id=\"0c05f6d\" data-element_type=\"container\" data-e-type=\"container\">\n\t\t\t\t<div class=\"elementor-element elementor-element-e859ac5 elementor-position-top elementor-widget elementor-widget-image-box\" data-id=\"e859ac5\" data-element_type=\"widget\" data-e-type=\"widget\" data-widget_type=\"image-box.default\">\n\t\t\t\t<div class=\"elementor-widget-container\">\n\t\t\t\t\t<div class=\"elementor-image-box-wrapper\"><figure class=\"elementor-image-box-img\"><img decoding=\"async\" width=\"83\" height=\"60\" data-src=\"https:\/\/cataloguegroup.com.ar\/wp-content\/uploads\/2025\/06\/devoluciones1.png\" class=\"attachment-full size-full wp-image-10907 lazyload\" alt=\"devoluciones\" src=\"data:image\/gif;base64,R0lGODlhAQABAAAAACH5BAEKAAEALAAAAAABAAEAAAICTAEAOw==\" style=\"--smush-placeholder-width: 83px; --smush-placeholder-aspect-ratio: 83\/60;\" \/><\/figure><div class=\"elementor-image-box-content\"><h3 class=\"elementor-image-box-title\">Compra asegurada<\/h3><p class=\"elementor-image-box-description\">Garant\u00eda de confianza<\/p><\/div><\/div>\t\t\t\t<\/div>\n\t\t\t\t<\/div>\n\t\t\t\t<\/div>\n\t\t<div class=\"elementor-element elementor-element-f4df8d9 e-con-full e-flex e-con e-child\" data-id=\"f4df8d9\" data-element_type=\"container\" data-e-type=\"container\">\n\t\t\t\t<div class=\"elementor-element elementor-element-c8cb369 elementor-position-top elementor-widget elementor-widget-image-box\" data-id=\"c8cb369\" data-element_type=\"widget\" data-e-type=\"widget\" data-widget_type=\"image-box.default\">\n\t\t\t\t<div class=\"elementor-widget-container\">\n\t\t\t\t\t<div class=\"elementor-image-box-wrapper\"><figure class=\"elementor-image-box-img\"><img decoding=\"async\" width=\"83\" height=\"60\" data-src=\"https:\/\/cataloguegroup.com.ar\/wp-content\/uploads\/2025\/06\/soporte.png\" class=\"attachment-full size-full wp-image-10905 lazyload\" alt=\"\" src=\"data:image\/gif;base64,R0lGODlhAQABAAAAACH5BAEKAAEALAAAAAABAAEAAAICTAEAOw==\" style=\"--smush-placeholder-width: 83px; --smush-placeholder-aspect-ratio: 83\/60;\" \/><\/figure><div class=\"elementor-image-box-content\"><h3 class=\"elementor-image-box-title\">Soporte 24\/7<\/h3><p class=\"elementor-image-box-description\">Via WhatsApp<\/p><\/div><\/div>\t\t\t\t<\/div>\n\t\t\t\t<\/div>\n\t\t\t\t<\/div>\n\t\t\t\t<\/div>\n\t\t\t\t<\/div>\n\t\t\t\t\t<\/div>\n\t\t\t\t<\/div>\n\t\t<div class=\"elementor-element elementor-element-2cb1eac e-flex e-con-boxed e-con e-parent\" data-id=\"2cb1eac\" data-element_type=\"container\" data-e-type=\"container\" data-settings=\"{&quot;background_background&quot;:&quot;classic&quot;}\">\n\t\t\t\t\t<div class=\"e-con-inner\">\n\t\t\t\t<div class=\"elementor-element elementor-element-9eee42a elementor-widget elementor-widget-heading\" data-id=\"9eee42a\" data-element_type=\"widget\" data-e-type=\"widget\" data-widget_type=\"heading.default\">\n\t\t\t\t<div class=\"elementor-widget-container\">\n\t\t\t\t\t<h3 class=\"elementor-heading-title elementor-size-default\">Todos nuestros productos tienen garant\u00eda de 6 meses<\/h3>\t\t\t\t<\/div>\n\t\t\t\t<\/div>\n\t\t\t\t\t<\/div>\n\t\t\t\t<\/div>\n\t\t<div class=\"elementor-element elementor-element-c0a255e e-flex e-con-boxed e-con e-parent\" data-id=\"c0a255e\" data-element_type=\"container\" data-e-type=\"container\" data-settings=\"{&quot;background_background&quot;:&quot;classic&quot;}\">\n\t\t\t\t\t<div class=\"e-con-inner\">\n\t\t<div class=\"elementor-element elementor-element-6c66225 e-con-full e-flex e-con e-child\" data-id=\"6c66225\" data-element_type=\"container\" data-e-type=\"container\">\n\t\t<div class=\"elementor-element elementor-element-d5f3381 e-con-full e-flex e-con e-child\" data-id=\"d5f3381\" data-element_type=\"container\" data-e-type=\"container\">\n\t\t<div class=\"elementor-element elementor-element-b41c763 e-con-full e-flex e-con e-child\" data-id=\"b41c763\" data-element_type=\"container\" data-e-type=\"container\">\n\t\t\t\t<div class=\"elementor-element elementor-element-6a7b38f elementor-widget elementor-widget-image\" data-id=\"6a7b38f\" data-element_type=\"widget\" data-e-type=\"widget\" data-widget_type=\"image.default\">\n\t\t\t\t<div class=\"elementor-widget-container\">\n\t\t\t\t\t\t\t\t\t\t\t\t\t\t\t<img decoding=\"async\" width=\"300\" height=\"300\" data-src=\"https:\/\/cataloguegroup.com.ar\/wp-content\/uploads\/2025\/06\/reloj.png\" class=\"attachment-full size-full wp-image-10809 lazyload\" alt=\"reloj\" data-srcset=\"https:\/\/cataloguegroup.com.ar\/wp-content\/uploads\/2025\/06\/reloj.png 300w, https:\/\/cataloguegroup.com.ar\/wp-content\/uploads\/2025\/06\/reloj-150x150.png 150w, https:\/\/cataloguegroup.com.ar\/wp-content\/uploads\/2025\/06\/reloj-100x100.png 100w\" data-sizes=\"(max-width: 300px) 100vw, 300px\" src=\"data:image\/gif;base64,R0lGODlhAQABAAAAACH5BAEKAAEALAAAAAABAAEAAAICTAEAOw==\" style=\"--smush-placeholder-width: 300px; --smush-placeholder-aspect-ratio: 300\/300;\" \/>\t\t\t\t\t\t\t\t\t\t\t\t\t\t\t<\/div>\n\t\t\t\t<\/div>\n\t\t\t\t<\/div>\n\t\t<div class=\"elementor-element elementor-element-1c5d3fe e-con-full e-flex e-con e-child\" data-id=\"1c5d3fe\" data-element_type=\"container\" data-e-type=\"container\">\n\t\t\t\t<div class=\"elementor-element elementor-element-d40d60b elementor-widget elementor-widget-image\" data-id=\"d40d60b\" data-element_type=\"widget\" data-e-type=\"widget\" data-widget_type=\"image.default\">\n\t\t\t\t<div class=\"elementor-widget-container\">\n\t\t\t\t\t\t\t\t\t\t\t\t\t\t\t<img decoding=\"async\" width=\"300\" height=\"300\" data-src=\"https:\/\/cataloguegroup.com.ar\/wp-content\/uploads\/2025\/06\/auricular.png\" class=\"attachment-full size-full wp-image-10800 lazyload\" alt=\"auricular\" data-srcset=\"https:\/\/cataloguegroup.com.ar\/wp-content\/uploads\/2025\/06\/auricular.png 300w, https:\/\/cataloguegroup.com.ar\/wp-content\/uploads\/2025\/06\/auricular-150x150.png 150w, https:\/\/cataloguegroup.com.ar\/wp-content\/uploads\/2025\/06\/auricular-100x100.png 100w\" data-sizes=\"(max-width: 300px) 100vw, 300px\" src=\"data:image\/gif;base64,R0lGODlhAQABAAAAACH5BAEKAAEALAAAAAABAAEAAAICTAEAOw==\" style=\"--smush-placeholder-width: 300px; --smush-placeholder-aspect-ratio: 300\/300;\" \/>\t\t\t\t\t\t\t\t\t\t\t\t\t\t\t<\/div>\n\t\t\t\t<\/div>\n\t\t\t\t<\/div>\n\t\t\t\t<\/div>\n\t\t<div class=\"elementor-element elementor-element-4342451 e-con-full e-flex e-con e-child\" data-id=\"4342451\" data-element_type=\"container\" data-e-type=\"container\">\n\t\t<div class=\"elementor-element elementor-element-d0ff5f9 e-con-full e-flex e-con e-child\" data-id=\"d0ff5f9\" data-element_type=\"container\" data-e-type=\"container\">\n\t\t\t\t<div class=\"elementor-element elementor-element-712b45c elementor-widget elementor-widget-image\" data-id=\"712b45c\" data-element_type=\"widget\" data-e-type=\"widget\" data-widget_type=\"image.default\">\n\t\t\t\t<div class=\"elementor-widget-container\">\n\t\t\t\t\t\t\t\t\t\t\t\t\t\t\t<img decoding=\"async\" width=\"300\" height=\"300\" data-src=\"https:\/\/cataloguegroup.com.ar\/wp-content\/uploads\/2025\/06\/ntebook.png\" class=\"attachment-full size-full wp-image-10804 lazyload\" alt=\"\" data-srcset=\"https:\/\/cataloguegroup.com.ar\/wp-content\/uploads\/2025\/06\/ntebook.png 300w, https:\/\/cataloguegroup.com.ar\/wp-content\/uploads\/2025\/06\/ntebook-150x150.png 150w, https:\/\/cataloguegroup.com.ar\/wp-content\/uploads\/2025\/06\/ntebook-100x100.png 100w\" data-sizes=\"(max-width: 300px) 100vw, 300px\" src=\"data:image\/gif;base64,R0lGODlhAQABAAAAACH5BAEKAAEALAAAAAABAAEAAAICTAEAOw==\" style=\"--smush-placeholder-width: 300px; --smush-placeholder-aspect-ratio: 300\/300;\" \/>\t\t\t\t\t\t\t\t\t\t\t\t\t\t\t<\/div>\n\t\t\t\t<\/div>\n\t\t\t\t<\/div>\n\t\t<div class=\"elementor-element elementor-element-875c364 e-con-full e-flex e-con e-child\" data-id=\"875c364\" data-element_type=\"container\" data-e-type=\"container\">\n\t\t\t\t<div class=\"elementor-element elementor-element-b7bac08 elementor-widget elementor-widget-image\" data-id=\"b7bac08\" data-element_type=\"widget\" data-e-type=\"widget\" data-widget_type=\"image.default\">\n\t\t\t\t<div class=\"elementor-widget-container\">\n\t\t\t\t\t\t\t\t\t\t\t\t\t\t\t<img decoding=\"async\" width=\"300\" height=\"300\" data-src=\"https:\/\/cataloguegroup.com.ar\/wp-content\/uploads\/2025\/06\/joistik.png\" class=\"attachment-full size-full wp-image-10796 lazyload\" alt=\"joistik\" data-srcset=\"https:\/\/cataloguegroup.com.ar\/wp-content\/uploads\/2025\/06\/joistik.png 300w, https:\/\/cataloguegroup.com.ar\/wp-content\/uploads\/2025\/06\/joistik-150x150.png 150w, https:\/\/cataloguegroup.com.ar\/wp-content\/uploads\/2025\/06\/joistik-100x100.png 100w\" data-sizes=\"(max-width: 300px) 100vw, 300px\" src=\"data:image\/gif;base64,R0lGODlhAQABAAAAACH5BAEKAAEALAAAAAABAAEAAAICTAEAOw==\" style=\"--smush-placeholder-width: 300px; --smush-placeholder-aspect-ratio: 300\/300;\" \/>\t\t\t\t\t\t\t\t\t\t\t\t\t\t\t<\/div>\n\t\t\t\t<\/div>\n\t\t\t\t<\/div>\n\t\t\t\t<\/div>\n\t\t\t\t<\/div>\n\t\t\t\t\t<\/div>\n\t\t\t\t<\/div>\n\t\t<div class=\"elementor-element elementor-element-a8d9578 e-flex e-con-boxed e-con e-parent\" data-id=\"a8d9578\" data-element_type=\"container\" data-e-type=\"container\" data-settings=\"{&quot;background_background&quot;:&quot;classic&quot;}\">\n\t\t\t\t\t<div class=\"e-con-inner\">\n\t\t\t\t<div class=\"elementor-element elementor-element-a7a6aad elementor-widget elementor-widget-heading\" data-id=\"a7a6aad\" data-element_type=\"widget\" data-e-type=\"widget\" data-widget_type=\"heading.default\">\n\t\t\t\t<div class=\"elementor-widget-container\">\n\t\t\t\t\t<h3 class=\"elementor-heading-title elementor-size-default\">\u00bfTen\u00e9s alguna duda?<\/h3>\t\t\t\t<\/div>\n\t\t\t\t<\/div>\n\t\t\t\t<div class=\"elementor-element elementor-element-8c4c52d elementor-align-center elementor-widget elementor-widget-button\" data-id=\"8c4c52d\" data-element_type=\"widget\" data-e-type=\"widget\" data-widget_type=\"button.default\">\n\t\t\t\t<div class=\"elementor-widget-container\">\n\t\t\t\t\t\t\t\t\t<div class=\"elementor-button-wrapper\">\n\t\t\t\t\t<a class=\"elementor-button elementor-button-link elementor-size-sm\" href=\"https:\/\/walink.co\/304d44\" target=\"_blank\">\n\t\t\t\t\t\t<span class=\"elementor-button-content-wrapper\">\n\t\t\t\t\t\t\t\t\t<span class=\"elementor-button-text\">Escribinos por WhatsApp<\/span>\n\t\t\t\t\t<\/span>\n\t\t\t\t\t<\/a>\n\t\t\t\t<\/div>\n\t\t\t\t\t\t\t\t<\/div>\n\t\t\t\t<\/div>\n\t\t\t\t\t<\/div>\n\t\t\t\t<\/div>\n\t\t<div class=\"elementor-element elementor-element-3b5349c e-flex e-con-boxed e-con e-parent\" data-id=\"3b5349c\" data-element_type=\"container\" data-e-type=\"container\" data-settings=\"{&quot;background_background&quot;:&quot;classic&quot;}\">\n\t\t\t\t\t<div class=\"e-con-inner\">\n\t\t<div class=\"elementor-element elementor-element-3b6b990 e-con-full e-flex e-con e-child\" data-id=\"3b6b990\" data-element_type=\"container\" data-e-type=\"container\">\n\t\t<div class=\"elementor-element elementor-element-529dea8 e-con-full e-flex e-con e-child\" data-id=\"529dea8\" data-element_type=\"container\" data-e-type=\"container\">\n\t\t\t\t<div class=\"elementor-element elementor-element-9db5398 elementor-widget elementor-widget-heading\" data-id=\"9db5398\" data-element_type=\"widget\" data-e-type=\"widget\" data-widget_type=\"heading.default\">\n\t\t\t\t<div class=\"elementor-widget-container\">\n\t\t\t\t\t<h3 class=\"elementor-heading-title elementor-size-default\">Somos Mercado L\u00edder Platinum!<\/h3>\t\t\t\t<\/div>\n\t\t\t\t<\/div>\n\t\t\t\t<div class=\"elementor-element elementor-element-b4ba551 elementor-widget elementor-widget-image\" data-id=\"b4ba551\" data-element_type=\"widget\" data-e-type=\"widget\" data-widget_type=\"image.default\">\n\t\t\t\t<div class=\"elementor-widget-container\">\n\t\t\t\t\t\t\t\t\t\t\t\t\t\t\t<img decoding=\"async\" width=\"152\" height=\"48\" data-src=\"https:\/\/cataloguegroup.com.ar\/wp-content\/uploads\/2025\/06\/bce885a855dad6dc9cad6c199f88f36321eb4d44.png\" class=\"attachment-large size-large wp-image-10859 lazyload\" alt=\"\" data-srcset=\"https:\/\/cataloguegroup.com.ar\/wp-content\/uploads\/2025\/06\/bce885a855dad6dc9cad6c199f88f36321eb4d44.png 152w, https:\/\/cataloguegroup.com.ar\/wp-content\/uploads\/2025\/06\/bce885a855dad6dc9cad6c199f88f36321eb4d44-150x48.png 150w\" data-sizes=\"(max-width: 152px) 100vw, 152px\" src=\"data:image\/gif;base64,R0lGODlhAQABAAAAACH5BAEKAAEALAAAAAABAAEAAAICTAEAOw==\" style=\"--smush-placeholder-width: 152px; --smush-placeholder-aspect-ratio: 152\/48;\" \/>\t\t\t\t\t\t\t\t\t\t\t\t\t\t\t<\/div>\n\t\t\t\t<\/div>\n\t\t\t\t<div class=\"elementor-element elementor-element-1967a47 elementor-align-center elementor-widget elementor-widget-button\" data-id=\"1967a47\" data-element_type=\"widget\" data-e-type=\"widget\" data-widget_type=\"button.default\">\n\t\t\t\t<div class=\"elementor-widget-container\">\n\t\t\t\t\t\t\t\t\t<div class=\"elementor-button-wrapper\">\n\t\t\t\t\t<a class=\"elementor-button elementor-button-link elementor-size-sm\" href=\"https:\/\/www.mercadolibre.com.ar\/pagina\/cataloguegroup3200?item_id=MLA1454292445&#038;category_id=MLA3697&#038;seller_id=217293820&#038;client=recoview-selleritems&#038;recos_listing=true\" target=\"_blank\">\n\t\t\t\t\t\t<span class=\"elementor-button-content-wrapper\">\n\t\t\t\t\t\t\t\t\t<span class=\"elementor-button-text\">Ver tienda<\/span>\n\t\t\t\t\t<\/span>\n\t\t\t\t\t<\/a>\n\t\t\t\t<\/div>\n\t\t\t\t\t\t\t\t<\/div>\n\t\t\t\t<\/div>\n\t\t\t\t<\/div>\n\t\t\t\t<\/div>\n\t\t\t\t\t<\/div>\n\t\t\t\t<\/div>\n\t\t\t\t<\/div>\n\t\t","protected":false},"excerpt":{"rendered":"<p>Productos electr\u00f3nicos para tu hogar Tecnolog\u00eda para tu d\u00eda a d\u00eda, al mejor precio Escribinos por WhatsApp Productos electr\u00f3nicos para tu hogar<\/p>\n","protected":false},"author":1,"featured_media":10683,"parent":0,"menu_order":0,"comment_status":"closed","ping_status":"closed","template":"redux-templates_canvas","meta":{"footnotes":""},"class_list":["post-10688","page","type-page","status-publish","has-post-thumbnail","hentry"],"_links":{"self":[{"href":"https:\/\/cataloguegroup.com.ar\/index.php?rest_route=\/wp\/v2\/pages\/10688","targetHints":{"allow":["GET"]}}],"collection":[{"href":"https:\/\/cataloguegroup.com.ar\/index.php?rest_route=\/wp\/v2\/pages"}],"about":[{"href":"https:\/\/cataloguegroup.com.ar\/index.php?rest_route=\/wp\/v2\/types\/page"}],"author":[{"embeddable":true,"href":"https:\/\/cataloguegroup.com.ar\/index.php?rest_route=\/wp\/v2\/users\/1"}],"replies":[{"embeddable":true,"href":"https:\/\/cataloguegroup.com.ar\/index.php?rest_route=%2Fwp%2Fv2%2Fcomments&post=10688"}],"version-history":[{"count":192,"href":"https:\/\/cataloguegroup.com.ar\/index.php?rest_route=\/wp\/v2\/pages\/10688\/revisions"}],"predecessor-version":[{"id":10910,"href":"https:\/\/cataloguegroup.com.ar\/index.php?rest_route=\/wp\/v2\/pages\/10688\/revisions\/10910"}],"wp:featuredmedia":[{"embeddable":true,"href":"https:\/\/cataloguegroup.com.ar\/index.php?rest_route=\/wp\/v2\/media\/10683"}],"wp:attachment":[{"href":"https:\/\/cataloguegroup.com.ar\/index.php?rest_route=%2Fwp%2Fv2%2Fmedia&parent=10688"}],"curies":[{"name":"wp","href":"https:\/\/api.w.org\/{rel}","templated":true}]}}